{"id":8,"date":"2018-01-10T14:15:28","date_gmt":"2018-01-10T14:15:28","guid":{"rendered":"http:\/\/bridge129.qodeinteractive.com\/?page_id=4"},"modified":"2021-05-03T19:36:48","modified_gmt":"2021-05-03T19:36:48","slug":"home","status":"publish","type":"page","link":"https:\/\/testingec.com\/","title":{"rendered":"Home"},"content":{"rendered":"<p>[vc_row css_animation=&#8221;&#8221; row_type=&#8221;row&#8221; use_row_as_full_screen_section=&#8221;no&#8221; type=&#8221;full_width&#8221; angled_section=&#8221;no&#8221; text_align=&#8221;left&#8221; background_image_as_pattern=&#8221;without_pattern&#8221; z_index=&#8221;&#8221;][vc_column][rev_slider_vc alias=&#8221;home-slider&#8221;][\/vc_column][\/vc_row][vc_row css_animation=&#8221;&#8221; row_type=&#8221;row&#8221; use_row_as_full_screen_section=&#8221;no&#8221; type=&#8221;grid&#8221; angled_section=&#8221;no&#8221; text_align=&#8221;center&#8221; background_image_as_pattern=&#8221;without_pattern&#8221; z_index=&#8221;&#8221; css=&#8221;.vc_custom_1515744295490{background-color: #ecebeb !important;}&#8221;][vc_column css=&#8221;.vc_custom_1515594685991{margin-top: -14% !important;}&#8221;][vc_row_inner row_type=&#8221;row&#8221; type=&#8221;full_width&#8221; text_align=&#8221;center&#8221; css_animation=&#8221;&#8221;][vc_column_inner offset=&#8221;vc_col-md-4&#8243;][qode_elements_holder number_of_columns=&#8221;one_column&#8221;][qode_elements_holder_item background_color=&#8221;#ffffff&#8221; item_padding=&#8221;13% 11% 13% 11%&#8221; advanced_animations=&#8221;no&#8221;][vc_single_image image=&#8221;8&#8243; img_size=&#8221;full&#8221; alignment=&#8221;center&#8221; qode_css_animation=&#8221;&#8221;][vc_empty_space height=&#8221;10&#8243;][vc_column_text]<\/p>\n<h2>Misi\u00f3n<\/h2>\n<p>[\/vc_column_text][vc_empty_space height=&#8221;13px&#8221;][vc_column_text]Proveer, equipos e instrumentos de ensayo que cumplan estrictamente las normas internacionales, ofrecer asistencia t\u00e9cnica calificada, capacitaciones y entrenamiento especializado convirti\u00e9ndonos en el distribuidor preferido de equipos de ensayo de materiales, geof\u00edsica, y perforaci\u00f3n en Latinoam\u00e9rica.[\/vc_column_text][\/qode_elements_holder_item][\/qode_elements_holder][vc_empty_space height=&#8221;30px&#8221;][\/vc_column_inner][vc_column_inner offset=&#8221;vc_col-md-4&#8243;][qode_elements_holder number_of_columns=&#8221;one_column&#8221;][qode_elements_holder_item background_color=&#8221;#ffffff&#8221; item_padding=&#8221;13% 11% 13% 11%&#8221; advanced_animations=&#8221;no&#8221;][vc_single_image image=&#8221;19&#8243; img_size=&#8221;full&#8221; alignment=&#8221;center&#8221; qode_css_animation=&#8221;&#8221;][vc_empty_space height=&#8221;10&#8243;][vc_column_text]<\/p>\n<h2>Visi\u00f3n<\/h2>\n<p>[\/vc_column_text][vc_empty_space height=&#8221;13px&#8221;][vc_column_text]Poner a disposici\u00f3n de nuestros clientes en Latinoamerica equipos actualizados con los nuevos desarrollos en el sector de ensayo de materiales de nuestras f\u00e1bricas representadas, satisfaciendo los requerimientos de nuevas normas, adapt\u00e1ndonos a las necesidades de nuestros clientes, asumiendo los nuevos desaf\u00edos del mercado.[\/vc_column_text][\/qode_elements_holder_item][\/qode_elements_holder][vc_empty_space height=&#8221;30px&#8221;][\/vc_column_inner][vc_column_inner offset=&#8221;vc_col-md-4&#8243;][qode_elements_holder background_color=&#8221;#06dcff&#8221; number_of_columns=&#8221;one_column&#8221;][qode_elements_holder_item background_color=&#8221;#06dcff&#8221; item_padding=&#8221;13% 11% 13% 11%&#8221; advanced_animations=&#8221;no&#8221; item_padding_768_1024=&#8221;19% 11% 55px 11%&#8221;][vc_column_text]<\/p>\n<h2>CAT\u00c1LOGO<\/h2>\n<p>[\/vc_column_text][vc_empty_space height=&#8221;12px&#8221;][vc_column_text]<span style=\"color: #010101;\">Conoce nuestro amplio stock de productos para todas tus necesidades<\/span>[\/vc_column_text][vc_empty_space height=&#8221;22px&#8221;]<a  itemprop=\"url\" href=\"https:\/\/testingec.com\/wp-content\/uploads\/2021\/01\/2020-version-zhuozhou-tianpeng-catalogue.pdf\" target=\"_blank\" data-hover-background-color=#1a1a1a data-hover-border-color=#1a1a1a data-hover-color=#ffffff class=\"qbutton  default\" style=\"color: #1a1a1a; border-color: #ffffff; background-color: #ffffff;\">Cat\u00e1logo<\/a>[\/qode_elements_holder_item][\/qode_elements_holder][\/vc_column_inner][\/vc_row_inner][\/vc_column][\/vc_row][vc_row css_animation=&#8221;&#8221; row_type=&#8221;row&#8221; use_row_as_full_screen_section=&#8221;no&#8221; type=&#8221;grid&#8221; angled_section=&#8221;no&#8221; text_align=&#8221;center&#8221; background_image_as_pattern=&#8221;without_pattern&#8221; padding_top=&#8221;87&#8243; padding_bottom=&#8221;65&#8243; z_index=&#8221;&#8221; css=&#8221;.vc_custom_1515744306795{background-color: #ecebeb !important;}&#8221;][vc_column width=&#8221;2\/3&#8243; offset=&#8221;vc_col-sm-offset-2&#8243;][vc_column_text]<\/p>\n<h1>\u00bfQuienes somos?<\/h1>\n<p>[\/vc_column_text][vc_separator type=&#8221;small&#8221; position=&#8221;center&#8221; color=&#8221;#04048c&#8221; thickness=&#8221;4&#8243; width=&#8221;48&#8243; up=&#8221;17&#8243; down=&#8221;25&#8243;][vc_column_text]Somos representantes y distribuidores autorizados de prestigiosas marcas fabricantes de equipos para laboratorio de Ingenier\u00eda Civil, Geof\u00edsica, Perforaci\u00f3n, para Latinoamerica, brindamos soluciones avanzadas para la ejecuci\u00f3n de ensayos en campo y en laboratorio sobre agregados, ligantes bituminosos, mezclas asf\u00e1lticas, hormigones, cementos, morteros, aceros, suelos y rocas, dem\u00e1s de un asesoramiento t\u00e9cnico especializado, capacitaci\u00f3n y entrenamiento sobre ensayos.[\/vc_column_text][\/vc_column][\/vc_row][vc_row css_animation=&#8221;&#8221; row_type=&#8221;row&#8221; use_row_as_full_screen_section=&#8221;no&#8221; type=&#8221;grid&#8221; angled_section=&#8221;no&#8221; text_align=&#8221;left&#8221; background_image_as_pattern=&#8221;without_pattern&#8221; el_class=&#8221;slider-row&#8221; z_index=&#8221;5&#8243; css=&#8221;.vc_custom_1515744318665{background-color: #ecebeb !important;}&#8221;][vc_column css=&#8221;.vc_custom_1515672190338{margin-bottom: -27% !important;}&#8221;][qode_content_slider direction_nav=&#8221;no&#8221; control_nav=&#8221;yes&#8221; control_nav_justify=&#8221;no&#8221;][qode_content_slider_item][qode_elements_holder number_of_columns=&#8221;two_columns&#8221; columns_proportion=&#8221;66_33&#8243;][qode_elements_holder_item advanced_animations=&#8221;no&#8221;][vc_single_image image=&#8221;29&#8243; img_size=&#8221;full&#8221; alignment=&#8221;center&#8221; qode_css_animation=&#8221;&#8221;][\/qode_elements_holder_item][qode_elements_holder_item background_color=&#8221;#ffffff&#8221; background_image=&#8221;460&#8243; item_padding=&#8221;72px 51px 131px 55px&#8221; advanced_animations=&#8221;no&#8221; item_padding_1280_1440=&#8221;74px 40px 127px 65px&#8221; item_padding_1024_1280=&#8221;50px 40px 111px 40px&#8221; item_padding_768_1024=&#8221;20px 30px 18px 30px &#8221; item_padding_600_768=&#8221;100px 120px 100px 50px&#8221; item_padding_480_600=&#8221;100px 40px 100px 65px&#8221; item_padding_480=&#8221;30px 30px 80px 30px&#8221;][vc_column_text]<\/p>\n<h2>PRENSA DE COMPRESI\u00d3N<\/h2>\n<p>[\/vc_column_text][vc_separator type=&#8221;small&#8221; position=&#8221;left&#8221; color=&#8221;#04048c&#8221; thickness=&#8221;4&#8243; width=&#8221;48&#8243; up=&#8221;25&#8243; down=&#8221;29&#8243;][vc_single_image image=&#8221;286&#8243; img_size=&#8221;full&#8221; alignment=&#8221;center&#8221; qode_css_animation=&#8221;&#8221;][vc_empty_space height=&#8221;25&#8243;][\/qode_elements_holder_item][\/qode_elements_holder][\/qode_content_slider_item][qode_content_slider_item][qode_elements_holder number_of_columns=&#8221;two_columns&#8221; columns_proportion=&#8221;66_33&#8243;][qode_elements_holder_item advanced_animations=&#8221;no&#8221;][vc_single_image image=&#8221;30&#8243; img_size=&#8221;full&#8221; qode_css_animation=&#8221;&#8221;][\/qode_elements_holder_item][qode_elements_holder_item background_color=&#8221;#ffffff&#8221; background_image=&#8221;458&#8243; item_padding=&#8221;72px 51px 131px 55px&#8221; advanced_animations=&#8221;no&#8221; item_padding_1280_1440=&#8221;74px 40px 127px 65px&#8221; item_padding_1024_1280=&#8221;50px 40px 111px 40px&#8221; item_padding_768_1024=&#8221;20px 30px 18px 30px &#8221; item_padding_600_768=&#8221;100px 120px 100px 50px&#8221; item_padding_480_600=&#8221;100px 40px 100px 65px&#8221; item_padding_480=&#8221;30px 30px 80px 30px&#8221;][vc_column_text]<\/p>\n<h2>EQUIPO PARA SPT<\/h2>\n<p>[\/vc_column_text][vc_separator type=&#8221;small&#8221; position=&#8221;left&#8221; color=&#8221;#04048c&#8221; thickness=&#8221;4&#8243; width=&#8221;48&#8243; up=&#8221;25&#8243; down=&#8221;29&#8243;][vc_single_image image=&#8221;288&#8243; img_size=&#8221;full&#8221; alignment=&#8221;center&#8221; qode_css_animation=&#8221;&#8221;][vc_empty_space height=&#8221;25&#8243;][\/qode_elements_holder_item][\/qode_elements_holder][\/qode_content_slider_item][qode_content_slider_item][qode_elements_holder number_of_columns=&#8221;two_columns&#8221; columns_proportion=&#8221;66_33&#8243;][qode_elements_holder_item advanced_animations=&#8221;no&#8221;][vc_single_image image=&#8221;34&#8243; img_size=&#8221;full&#8221; qode_css_animation=&#8221;&#8221;][\/qode_elements_holder_item][qode_elements_holder_item background_color=&#8221;#ffffff&#8221; background_image=&#8221;83&#8243; item_padding=&#8221;72px 51px 131px 55px&#8221; advanced_animations=&#8221;no&#8221; item_padding_1280_1440=&#8221;74px 40px 127px 65px&#8221; item_padding_1024_1280=&#8221;50px 40px 111px 40px&#8221; item_padding_768_1024=&#8221;20px 30px 18px 30px &#8221; item_padding_600_768=&#8221;100px 120px 100px 50px&#8221; item_padding_480_600=&#8221;100px 40px 100px 65px&#8221; item_padding_480=&#8221;30px 30px 80px 30px&#8221;][vc_column_text]<\/p>\n<h2>PRENSA DE COMPRESI\u00d3N<\/h2>\n<p>[\/vc_column_text][vc_separator type=&#8221;small&#8221; position=&#8221;left&#8221; color=&#8221;#04048c&#8221; thickness=&#8221;4&#8243; width=&#8221;48&#8243; up=&#8221;25&#8243; down=&#8221;29&#8243;][vc_single_image image=&#8221;290&#8243; img_size=&#8221;full&#8221; alignment=&#8221;center&#8221; qode_css_animation=&#8221;&#8221;][vc_empty_space height=&#8221;25&#8243;][\/qode_elements_holder_item][\/qode_elements_holder][\/qode_content_slider_item][\/qode_content_slider][\/vc_column][\/vc_row][vc_row css_animation=&#8221;&#8221; row_type=&#8221;row&#8221; use_row_as_full_screen_section=&#8221;no&#8221; type=&#8221;grid&#8221; angled_section=&#8221;no&#8221; text_align=&#8221;center&#8221; background_image_as_pattern=&#8221;without_pattern&#8221; padding_bottom=&#8221;56&#8243; z_index=&#8221;4&#8243; css=&#8221;.vc_custom_1515658734976{padding-top: 20% !important;background-image: url(http:\/\/bridge129.qodeinteractive.com\/wp-content\/uploads\/2018\/01\/home-background-1.jpg?id=37) !important;background-position: center !important;background-repeat: no-repeat !important;background-size: cover !important;}&#8221;][vc_column][qode_elements_holder number_of_columns=&#8221;one_column&#8221;][qode_elements_holder_item item_padding=&#8221;1px 0 0 0&#8243; advanced_animations=&#8221;no&#8221; item_padding_1280_1440=&#8221;60px 0 0 0&#8243; item_padding_1024_1280=&#8221;61px 0 0 0&#8243; item_padding_768_1024=&#8221;50px 0 0 0&#8243; item_padding_600_768=&#8221;50px 0 0 0&#8243; item_padding_480_600=&#8221;50px 0 0 0&#8243; item_padding_480=&#8221;50px 0 0 0&#8243;][vc_row_inner row_type=&#8221;row&#8221; type=&#8221;full_width&#8221; text_align=&#8221;center&#8221; css_animation=&#8221;&#8221;][vc_column_inner offset=&#8221;vc_col-lg-3 vc_col-md-6&#8243;][vc_column_text]<\/p>\n<h3>Cat\u00e1logo de Aceros<\/h3>\n<p>[\/vc_column_text][vc_empty_space height=&#8221;30px&#8221;][vc_empty_space height=&#8221;30px&#8221;][\/vc_column_inner][vc_column_inner offset=&#8221;vc_col-lg-3 vc_col-md-6&#8243;][vc_column_text]<\/p>\n<h3>Cat\u00e1logo de Agregados<\/h3>\n<p>[\/vc_column_text][vc_empty_space height=&#8221;30px&#8221;][vc_empty_space height=&#8221;30px&#8221;][\/vc_column_inner][vc_column_inner offset=&#8221;vc_col-lg-3 vc_col-md-6&#8243;][vc_column_text]<\/p>\n<h3>Cat\u00e1logo de Asfaltos<\/h3>\n<p>[\/vc_column_text][vc_empty_space height=&#8221;30px&#8221;][vc_empty_space height=&#8221;30px&#8221;][\/vc_column_inner][vc_column_inner offset=&#8221;vc_col-lg-3 vc_col-md-6&#8243;][vc_column_text]<\/p>\n<h3>Cat\u00e1logo de Concreto<\/h3>\n<p>[\/vc_column_text][vc_empty_space height=&#8221;30px&#8221;][vc_empty_space height=&#8221;30px&#8221;][\/vc_column_inner][\/vc_row_inner][\/qode_elements_holder_item][\/qode_elements_holder][\/vc_column][\/vc_row][vc_row css_animation=&#8221;&#8221; row_type=&#8221;row&#8221; use_row_as_full_screen_section=&#8221;no&#8221; type=&#8221;full_width&#8221; angled_section=&#8221;no&#8221; text_align=&#8221;center&#8221; background_image_as_pattern=&#8221;without_pattern&#8221; z_index=&#8221;7&#8243; css=&#8221;.vc_custom_1515674465141{background-color: #ffffff !important;}&#8221;][vc_column css=&#8221;.vc_custom_1515664653561{margin-bottom: -5% !important;}&#8221;][qode_elements_holder number_of_columns=&#8221;one_column&#8221;][qode_elements_holder_item item_padding=&#8221;0px 16% 0 16%&#8221; advanced_animations=&#8221;no&#8221; item_padding_1280_1440=&#8221;0px 7% 0 7%&#8221; item_padding_1024_1280=&#8221;0px 7% 0 7%&#8221; item_padding_768_1024=&#8221;0px 3% 0 3%&#8221;][vc_row_inner row_type=&#8221;row&#8221; type=&#8221;full_width&#8221; text_align=&#8221;left&#8221; padding_top=&#8221;60&#8243; padding_bottom=&#8221;36&#8243; css_animation=&#8221;&#8221; css=&#8221;.vc_custom_1612099173741{background-color: #ffffff !important;}&#8221;][vc_column_inner][qode_clients columns=&#8221;four_columns&#8221; hover_effect=&#8221;default&#8221; disable_separators=&#8221;yes&#8221;][qode_client image=&#8221;72&#8243; hover_image=&#8221;73&#8243;][qode_client image=&#8221;74&#8243; hover_image=&#8221;76&#8243;][qode_client image=&#8221;77&#8243; hover_image=&#8221;78&#8243;][qode_client image=&#8221;79&#8243; hover_image=&#8221;80&#8243;][\/qode_clients][\/vc_column_inner][\/vc_row_inner][\/qode_elements_holder_item][\/qode_elements_holder][\/vc_column][\/vc_row][vc_row css_animation=&#8221;&#8221; row_type=&#8221;row&#8221; use_row_as_full_screen_section=&#8221;no&#8221; type=&#8221;grid&#8221; angled_section=&#8221;no&#8221; text_align=&#8221;left&#8221; background_image_as_pattern=&#8221;without_pattern&#8221; padding_top=&#8221;7&#8243; padding_bottom=&#8221;2&#8243; css=&#8221;.vc_custom_1612207801213{background-color: #ffffff !important;}&#8221; z_index=&#8221;&#8221;][vc_column]<div class=\"container_inner\"><div class=\"call_to_action normal\" style=\"background-color: #06dcff;\"><div class=\"two_columns_75_25 clearfix\"><div class=\"text_wrapper column1\"><div class=\"call_to_action_text \" style=\"\">\n<h2>\u00a0 \u00a0 \u00a0 \u00a0Cont\u00e1ctenos: 096318129<\/h2>\n<p>&nbsp;<\/p>\n<div class=\"q_icon_list\">\n<p>De los Madro\u00f1os N47305 Quito Ecuador<\/p>\n<\/div>\n<div class=\"q_icon_list\">\n<p><i class=\"qode_icon_font_awesome fa fa-clock-o qode-ili-icon-holder circle\"><\/i>Ventas@testingec.com<\/p>\n<\/div>\n<h5><\/h5>\n<\/div><\/div><div class=\"button_wrapper column2\"><a itemprop=\"url\" href=\"#\" class=\"qbutton white \" target=\"_self\" style=\"color: #1a1a1a;border-color: #ffffff;background-color: #ffffff;\"data-hover-background-color=#1a1a1a data-hover-border-color=#1a1a1a data-hover-color=#ffffff>Cont\u00e1cto<\/a><\/div><\/div><\/div><\/div>[\/vc_column][\/vc_row]<\/p>\n","protected":false},"excerpt":{"rendered":"<p>[vc_row css_animation=&#8221;&#8221; row_type=&#8221;row&#8221; use_row_as_full_screen_section=&#8221;no&#8221; type=&#8221;full_width&#8221; angled_section=&#8221;no&#8221; text_align=&#8221;left&#8221; background_image_as_pattern=&#8221;without_pattern&#8221; z_index=&#8221;&#8221;][vc_column][rev_slider_vc alias=&#8221;home-slider&#8221;][\/vc_column][\/vc_row][vc_row css_animation=&#8221;&#8221; row_type=&#8221;row&#8221; use_row_as_full_screen_section=&#8221;no&#8221; type=&#8221;grid&#8221; angled_section=&#8221;no&#8221; text_align=&#8221;center&#8221; background_image_as_pattern=&#8221;without_pattern&#8221; z_index=&#8221;&#8221; css=&#8221;.vc_custom_1515744295490{background-color: #ecebeb !important;}&#8221;][vc_column css=&#8221;.vc_custom_1515594685991{margin-top: -14% !important;}&#8221;][vc_row_inner row_type=&#8221;row&#8221; type=&#8221;full_width&#8221; text_align=&#8221;center&#8221; css_animation=&#8221;&#8221;][vc_column_inner offset=&#8221;vc_col-md-4&#8243;][qode_elements_holder number_of_columns=&#8221;one_column&#8221;][qode_elements_holder_item background_color=&#8221;#ffffff&#8221; item_padding=&#8221;13% 11% 13% 11%&#8221; advanced_animations=&#8221;no&#8221;][vc_single_image image=&#8221;8&#8243; img_size=&#8221;full&#8221; alignment=&#8221;center&#8221; qode_css_animation=&#8221;&#8221;][vc_empty_space height=&#8221;10&#8243;][vc_column_text] Misi\u00f3n [\/vc_column_text][vc_empty_space height=&#8221;13px&#8221;][vc_column_text]Proveer, equipos&#8230;<\/p>\n","protected":false},"author":1,"featured_media":0,"parent":0,"menu_order":0,"comment_status":"closed","ping_status":"closed","template":"full_width.php","meta":[],"_links":{"self":[{"href":"https:\/\/testingec.com\/index.php\/wp-json\/wp\/v2\/pages\/8"}],"collection":[{"href":"https:\/\/testingec.com\/index.php\/wp-json\/wp\/v2\/pages"}],"about":[{"href":"https:\/\/testingec.com\/index.php\/wp-json\/wp\/v2\/types\/page"}],"author":[{"embeddable":true,"href":"https:\/\/testingec.com\/index.php\/wp-json\/wp\/v2\/users\/1"}],"replies":[{"embeddable":true,"href":"https:\/\/testingec.com\/index.php\/wp-json\/wp\/v2\/comments?post=8"}],"version-history":[{"count":44,"href":"https:\/\/testingec.com\/index.php\/wp-json\/wp\/v2\/pages\/8\/revisions"}],"predecessor-version":[{"id":301,"href":"https:\/\/testingec.com\/index.php\/wp-json\/wp\/v2\/pages\/8\/revisions\/301"}],"wp:attachment":[{"href":"https:\/\/testingec.com\/index.php\/wp-json\/wp\/v2\/media?parent=8"}],"curies":[{"name":"wp","href":"https:\/\/api.w.org\/{rel}","templated":true}]}}